{"id":2531,"date":"2020-03-31T13:25:00","date_gmt":"2020-03-31T13:25:00","guid":{"rendered":"https:\/\/alloggio.qodeinteractive.com\/?page_id=2531"},"modified":"2024-06-17T15:27:22","modified_gmt":"2024-06-17T14:27:22","slug":"contact","status":"publish","type":"page","link":"https:\/\/paris-bestsuites.com\/fr\/contact\/","title":{"rendered":"Contact"},"content":{"rendered":"\t\t<div data-elementor-type=\"wp-page\" data-elementor-id=\"2531\" class=\"elementor elementor-2531\">\n\t\t\t\t\t\t<section class=\"elementor-section elementor-top-section elementor-element elementor-element-a02c043 elementor-section-full_width elementor-section-height-min-height elementor-section-height-default elementor-section-items-middle qodef-elementor-content-no\" data-id=\"a02c043\" data-element_type=\"section\" data-e-type=\"section\">\n\t\t\t\t\t\t<div class=\"elementor-container elementor-column-gap-no\">\n\t\t\t\t\t<div class=\"elementor-column elementor-col-100 elementor-top-column elementor-element elementor-element-346a2f60\" data-id=\"346a2f60\" data-element_type=\"column\" data-e-type=\"column\">\n\t\t\t<div class=\"elementor-widget-wrap elementor-element-populated\">\n\t\t\t\t\t\t<div class=\"elementor-element elementor-element-375b9b74 elementor-widget__width-initial elementor-widget elementor-widget-alloggio_core_banner\" data-id=\"375b9b74\" data-element_type=\"widget\" data-e-type=\"widget\" data-widget_type=\"alloggio_core_banner.default\">\n\t\t\t\t<div class=\"elementor-widget-container\">\n\t\t\t\t\t<div class=\"qodef-shortcode qodef-m  qodef-banner qodef-layout--link-overlay  qodef--has-button\">\n\t<div class=\"qodef-m-image\">\n\t<img fetchpriority=\"high\" decoding=\"async\" width=\"1773\" height=\"1182\" src=\"https:\/\/paris-bestsuites.com\/wp-content\/uploads\/2022\/06\/irina-nakonechnaya-AHg1tuA-83Q-unsplash.jpg\" class=\"attachment-full size-full\" alt=\"\" srcset=\"https:\/\/paris-bestsuites.com\/wp-content\/uploads\/2022\/06\/irina-nakonechnaya-AHg1tuA-83Q-unsplash.jpg 1773w, https:\/\/paris-bestsuites.com\/wp-content\/uploads\/2022\/06\/irina-nakonechnaya-AHg1tuA-83Q-unsplash-300x200.jpg 300w, https:\/\/paris-bestsuites.com\/wp-content\/uploads\/2022\/06\/irina-nakonechnaya-AHg1tuA-83Q-unsplash-1024x683.jpg 1024w, https:\/\/paris-bestsuites.com\/wp-content\/uploads\/2022\/06\/irina-nakonechnaya-AHg1tuA-83Q-unsplash-768x512.jpg 768w, https:\/\/paris-bestsuites.com\/wp-content\/uploads\/2022\/06\/irina-nakonechnaya-AHg1tuA-83Q-unsplash-1536x1024.jpg 1536w, https:\/\/paris-bestsuites.com\/wp-content\/uploads\/2022\/06\/irina-nakonechnaya-AHg1tuA-83Q-unsplash-600x400.jpg 600w\" sizes=\"(max-width: 1773px) 100vw, 1773px\" \/>\t<a itemprop=\"url\" href=\"mailto:reservation@paris-bestsuites.com\" class=\"qodef-m-banner-link\" target=\"_blank\"><\/a>\n<\/div>\t<div class=\"qodef-m-content\">\n\t\t<div class=\"qodef-m-content-inner\" style=\"padding: 50px 82px 42px 36px\">\n\t\t\t<div class=\"qodef-m-content-inner-background\" style=\"background-color: #F6F3EA\"><\/div>\n\t\t\t<div class=\"qodef-m-content-inner-holder\">\n\t\t\t\t\t<h1 class=\"qodef-m-title\" style=\"color: #000000\">Contact <\/h1>\n\t\t\t\t\t\t\t\t\t<div class=\"qodef-m-button\">\n\t\t<a class=\"qodef-shortcode qodef-m  qodef-button qodef-layout--textual  qodef-html--link\" href=\"mailto:reservation@paris-bestsuites.com\" target=\"_blank\"  style=\"color: #E31818;font-weight: 600\">\t<span class=\"qodef-m-text\">en savoir<\/span>\t<span class=\"qodef-m-plus\"><\/span><\/a>\t<\/div>\n\t\t\t\t<a itemprop=\"url\" href=\"mailto:reservation@paris-bestsuites.com\" class=\"qodef-m-banner-link\" target=\"_blank\"><\/a>\n\t\t\t<\/div>\n\t\t\t<a itemprop=\"url\" href=\"mailto:reservation@paris-bestsuites.com\" class=\"qodef-m-banner-link\" target=\"_blank\"><\/a>\n\t\t<\/div>\n\t<\/div>\n<\/div>\n\t\t\t\t<\/div>\n\t\t\t\t<\/div>\n\t\t\t\t\t<\/div>\n\t\t<\/div>\n\t\t\t\t\t<\/div>\n\t\t<\/section>\n\t\t\t\t<section class=\"elementor-section elementor-top-section elementor-element elementor-element-4549132 elementor-section-full_width elementor-section-height-default elementor-section-height-default qodef-elementor-content-no\" data-id=\"4549132\" data-element_type=\"section\" data-e-type=\"section\">\n\t\t\t\t\t\t<div class=\"elementor-container elementor-column-gap-default\">\n\t\t\t\t\t<div class=\"elementor-column elementor-col-50 elementor-top-column elementor-element elementor-element-2e4a507\" data-id=\"2e4a507\" data-element_type=\"column\" data-e-type=\"column\">\n\t\t\t<div class=\"elementor-widget-wrap elementor-element-populated\">\n\t\t\t\t\t\t<div class=\"elementor-element elementor-element-2f47cb5 elementor-widget elementor-widget-spacer\" data-id=\"2f47cb5\" data-element_type=\"widget\" data-e-type=\"widget\" data-widget_type=\"spacer.default\">\n\t\t\t\t<div class=\"elementor-widget-container\">\n\t\t\t\t\t\t\t<div class=\"elementor-spacer\">\n\t\t\t<div class=\"elementor-spacer-inner\"><\/div>\n\t\t<\/div>\n\t\t\t\t\t\t<\/div>\n\t\t\t\t<\/div>\n\t\t\t\t<div class=\"elementor-element elementor-element-8f268a7 elementor-widget elementor-widget-text-editor\" data-id=\"8f268a7\" data-element_type=\"widget\" data-e-type=\"widget\" data-widget_type=\"text-editor.default\">\n\t\t\t\t<div class=\"elementor-widget-container\">\n\t\t\t\t\t\t\t\t\t<h4>Par mail : reservation@paris-bestsuites.com<\/h4>\t\t\t\t\t\t\t\t<\/div>\n\t\t\t\t<\/div>\n\t\t\t\t<div class=\"elementor-element elementor-element-d48a068 elementor-widget elementor-widget-text-editor\" data-id=\"d48a068\" data-element_type=\"widget\" data-e-type=\"widget\" data-widget_type=\"text-editor.default\">\n\t\t\t\t<div class=\"elementor-widget-container\">\n\t\t\t\t\t\t\t\t\t<p>Vous pouvez nous envoyer directement un mail. Nous pourrons vous donner toutes les informations que vous demandez.\u00a0<\/p>\t\t\t\t\t\t\t\t<\/div>\n\t\t\t\t<\/div>\n\t\t\t\t\t<\/div>\n\t\t<\/div>\n\t\t\t\t<div class=\"elementor-column elementor-col-50 elementor-top-column elementor-element elementor-element-1cdc5ae\" data-id=\"1cdc5ae\" data-element_type=\"column\" data-e-type=\"column\">\n\t\t\t<div class=\"elementor-widget-wrap elementor-element-populated\">\n\t\t\t\t\t\t<div class=\"elementor-element elementor-element-e912297 elementor-widget elementor-widget-spacer\" data-id=\"e912297\" data-element_type=\"widget\" data-e-type=\"widget\" data-widget_type=\"spacer.default\">\n\t\t\t\t<div class=\"elementor-widget-container\">\n\t\t\t\t\t\t\t<div class=\"elementor-spacer\">\n\t\t\t<div class=\"elementor-spacer-inner\"><\/div>\n\t\t<\/div>\n\t\t\t\t\t\t<\/div>\n\t\t\t\t<\/div>\n\t\t\t\t<div class=\"elementor-element elementor-element-d610a97 elementor-widget elementor-widget-text-editor\" data-id=\"d610a97\" data-element_type=\"widget\" data-e-type=\"widget\" data-widget_type=\"text-editor.default\">\n\t\t\t\t<div class=\"elementor-widget-container\">\n\t\t\t\t\t\t\t\t\t<h4>Appelez nous au\u00a0 <a href=\"tel:3155577783\">0145230529<\/a><\/h4>\t\t\t\t\t\t\t\t<\/div>\n\t\t\t\t<\/div>\n\t\t\t\t<div class=\"elementor-element elementor-element-1d22069 elementor-widget elementor-widget-text-editor\" data-id=\"1d22069\" data-element_type=\"widget\" data-e-type=\"widget\" data-widget_type=\"text-editor.default\">\n\t\t\t\t<div class=\"elementor-widget-container\">\n\t\t\t\t\t\t\t\t\t<p>Un de nos collaborateurs vous r\u00e9pondra pour r\u00e9pondre \u00e0 vos questions et vous accompagner dans votre r\u00e9servation\u00a0<\/p>\t\t\t\t\t\t\t\t<\/div>\n\t\t\t\t<\/div>\n\t\t\t\t\t<\/div>\n\t\t<\/div>\n\t\t\t\t\t<\/div>\n\t\t<\/section>\n\t\t\t\t<section class=\"elementor-section elementor-top-section elementor-element elementor-element-c9042e3 elementor-section-full_width qodef-elementor-content-grid elementor-section-stretched elementor-section-height-default elementor-section-height-default\" data-id=\"c9042e3\" data-element_type=\"section\" data-e-type=\"section\" data-settings=\"{&quot;stretch_section&quot;:&quot;section-stretched&quot;}\">\n\t\t\t\t\t\t<div class=\"elementor-container elementor-column-gap-no\">\n\t\t\t\t\t<div class=\"elementor-column elementor-col-100 elementor-top-column elementor-element elementor-element-7ca5e6f\" data-id=\"7ca5e6f\" data-element_type=\"column\" data-e-type=\"column\">\n\t\t\t<div class=\"elementor-widget-wrap elementor-element-populated\">\n\t\t\t\t\t\t<div class=\"elementor-element elementor-element-f52185c elementor-widget elementor-widget-text-editor\" data-id=\"f52185c\" data-element_type=\"widget\" data-e-type=\"widget\" data-widget_type=\"text-editor.default\">\n\t\t\t\t<div class=\"elementor-widget-container\">\n\t\t\t\t\t\t\t\t\t<h4>Laissez nous vos coordonn\u00e9es et votre message\u00a0<\/h4>\t\t\t\t\t\t\t\t<\/div>\n\t\t\t\t<\/div>\n\t\t\t\t<div class=\"elementor-element elementor-element-694fb05 elementor-widget elementor-widget-wp-widget-alloggio_core_contact_form_7\" data-id=\"694fb05\" data-element_type=\"widget\" data-e-type=\"widget\" data-widget_type=\"wp-widget-alloggio_core_contact_form_7.default\">\n\t\t\t\t<div class=\"elementor-widget-container\">\n\t\t\t\t\t\t\t\t<div class=\"qodef-contact-form-7\">\n\t\t\t\t\n<div class=\"wpcf7 no-js\" id=\"wpcf7-f90-o1\" lang=\"fr-FR\" dir=\"ltr\" data-wpcf7-id=\"90\">\n<div class=\"screen-reader-response\"><p role=\"status\" aria-live=\"polite\" aria-atomic=\"true\"><\/p> <ul><\/ul><\/div>\n<form action=\"\/fr\/wp-json\/wp\/v2\/pages\/2531#wpcf7-f90-o1\" method=\"post\" class=\"wpcf7-form init\" aria-label=\"Formulaire de contact\" novalidate=\"novalidate\" data-status=\"init\">\n<fieldset class=\"hidden-fields-container\"><input type=\"hidden\" name=\"_wpcf7\" value=\"90\" \/><input type=\"hidden\" name=\"_wpcf7_version\" value=\"6.1.5\" \/><input type=\"hidden\" name=\"_wpcf7_locale\" value=\"fr_FR\" \/><input type=\"hidden\" name=\"_wpcf7_unit_tag\" value=\"wpcf7-f90-o1\" \/><input type=\"hidden\" name=\"_wpcf7_container_post\" value=\"0\" \/><input type=\"hidden\" name=\"_wpcf7_posted_data_hash\" value=\"\" \/>\n<\/fieldset>\n<label> Your name\n    <span class=\"wpcf7-form-control-wrap\" data-name=\"your-name\"><input size=\"40\" maxlength=\"400\" class=\"wpcf7-form-control wpcf7-text wpcf7-validates-as-required\" aria-required=\"true\" aria-invalid=\"false\" value=\"\" type=\"text\" name=\"your-name\" \/><\/span> <\/label>\n\n<label> Your email\n    <span class=\"wpcf7-form-control-wrap\" data-name=\"your-email\"><input size=\"40\" maxlength=\"400\" class=\"wpcf7-form-control wpcf7-email wpcf7-validates-as-required wpcf7-text wpcf7-validates-as-email\" aria-required=\"true\" aria-invalid=\"false\" value=\"\" type=\"email\" name=\"your-email\" \/><\/span> <\/label>\n\n<label> Subject\n    <span class=\"wpcf7-form-control-wrap\" data-name=\"your-subject\"><input size=\"40\" maxlength=\"400\" class=\"wpcf7-form-control wpcf7-text wpcf7-validates-as-required\" aria-required=\"true\" aria-invalid=\"false\" value=\"\" type=\"text\" name=\"your-subject\" \/><\/span> <\/label>\n\n\n<button class=\"wpcf7-form-control wpcf7-submit qodef-button qodef-size--normal qodef-type--outlined qodef-m\" type=\"submit\"><span class=\"qodef-m-text\">Submit<\/span><\/button><p style=\"display: none !important;\" class=\"akismet-fields-container\" data-prefix=\"_wpcf7_ak_\"><label>&#916;<textarea name=\"_wpcf7_ak_hp_textarea\" cols=\"45\" rows=\"8\" maxlength=\"100\"><\/textarea><\/label><input type=\"hidden\" id=\"ak_js_1\" name=\"_wpcf7_ak_js\" value=\"116\"\/><script>document.getElementById( \"ak_js_1\" ).setAttribute( \"value\", ( new Date() ).getTime() );<\/script><\/p><div class=\"wpcf7-response-output\" aria-hidden=\"true\"><\/div>\n<\/form>\n<\/div>\n\t\t\t<\/div>\n\t\t\t\t\t\t\t<\/div>\n\t\t\t\t<\/div>\n\t\t\t\t\t<\/div>\n\t\t<\/div>\n\t\t\t\t\t<\/div>\n\t\t<\/section>\n\t\t\t\t<\/div>\n\t\t","protected":false},"excerpt":{"rendered":"<p>Contact en savoir Par mail : reservation@paris-bestsuites.com Vous pouvez nous envoyer directement un mail. Nous pourrons vous donner toutes les informations que vous demandez.\u00a0 Appelez nous au\u00a0 0145230529 Un de nos collaborateurs vous r\u00e9pondra pour r\u00e9pondre \u00e0 vos questions et vous accompagner dans votre r\u00e9servation\u00a0 Laissez nous vos coordonn\u00e9es et votre message\u00a0<\/p>\n","protected":false},"author":2,"featured_media":0,"parent":0,"menu_order":0,"comment_status":"closed","ping_status":"closed","template":"","meta":{"footnotes":""},"class_list":["post-2531","page","type-page","status-publish","hentry"],"yoast_head":"<!-- This site is optimized with the Yoast SEO plugin v27.3 - https:\/\/yoast.com\/product\/yoast-seo-wordpress\/ -->\n<title>Contact - Paris Best Suites<\/title>\n<meta name=\"robots\" content=\"index, follow, max-snippet:-1, max-image-preview:large, max-video-preview:-1\" \/>\n<link rel=\"canonical\" href=\"https:\/\/paris-bestsuites.com\/fr\/contact\/\" \/>\n<meta property=\"og:locale\" content=\"fr_FR\" \/>\n<meta property=\"og:type\" content=\"article\" \/>\n<meta property=\"og:title\" content=\"Contact - Paris Best Suites\" \/>\n<meta property=\"og:description\" content=\"Contact en savoir Par mail : reservation@paris-bestsuites.com Vous pouvez nous envoyer directement un mail. Nous pourrons vous donner toutes les informations que vous demandez.\u00a0 Appelez nous au\u00a0 0145230529 Un de nos collaborateurs vous r\u00e9pondra pour r\u00e9pondre \u00e0 vos questions et vous accompagner dans votre r\u00e9servation\u00a0 Laissez nous vos coordonn\u00e9es et votre message\u00a0\" \/>\n<meta property=\"og:url\" content=\"https:\/\/paris-bestsuites.com\/fr\/contact\/\" \/>\n<meta property=\"og:site_name\" content=\"Paris Best Suites\" \/>\n<meta property=\"article:modified_time\" content=\"2024-06-17T14:27:22+00:00\" \/>\n<meta property=\"og:image\" content=\"https:\/\/paris-bestsuites.com\/wp-content\/uploads\/2022\/06\/irina-nakonechnaya-AHg1tuA-83Q-unsplash.jpg\" \/>\n<meta name=\"twitter:label1\" content=\"Dur\u00e9e de lecture estim\u00e9e\" \/>\n\t<meta name=\"twitter:data1\" content=\"1 minute\" \/>\n<script type=\"application\/ld+json\" class=\"yoast-schema-graph\">{\"@context\":\"https:\\\/\\\/schema.org\",\"@graph\":[{\"@type\":\"WebPage\",\"@id\":\"https:\\\/\\\/paris-bestsuites.com\\\/contact\\\/\",\"url\":\"https:\\\/\\\/paris-bestsuites.com\\\/contact\\\/\",\"name\":\"Contact - Paris Best Suites\",\"isPartOf\":{\"@id\":\"https:\\\/\\\/paris-bestsuites.com\\\/#website\"},\"primaryImageOfPage\":{\"@id\":\"https:\\\/\\\/paris-bestsuites.com\\\/contact\\\/#primaryimage\"},\"image\":{\"@id\":\"https:\\\/\\\/paris-bestsuites.com\\\/contact\\\/#primaryimage\"},\"thumbnailUrl\":\"https:\\\/\\\/paris-bestsuites.com\\\/wp-content\\\/uploads\\\/2022\\\/06\\\/irina-nakonechnaya-AHg1tuA-83Q-unsplash.jpg\",\"datePublished\":\"2020-03-31T13:25:00+00:00\",\"dateModified\":\"2024-06-17T14:27:22+00:00\",\"breadcrumb\":{\"@id\":\"https:\\\/\\\/paris-bestsuites.com\\\/contact\\\/#breadcrumb\"},\"inLanguage\":\"fr-FR\",\"potentialAction\":[{\"@type\":\"ReadAction\",\"target\":[\"https:\\\/\\\/paris-bestsuites.com\\\/contact\\\/\"]}]},{\"@type\":\"ImageObject\",\"inLanguage\":\"fr-FR\",\"@id\":\"https:\\\/\\\/paris-bestsuites.com\\\/contact\\\/#primaryimage\",\"url\":\"https:\\\/\\\/paris-bestsuites.com\\\/wp-content\\\/uploads\\\/2022\\\/06\\\/irina-nakonechnaya-AHg1tuA-83Q-unsplash.jpg\",\"contentUrl\":\"https:\\\/\\\/paris-bestsuites.com\\\/wp-content\\\/uploads\\\/2022\\\/06\\\/irina-nakonechnaya-AHg1tuA-83Q-unsplash.jpg\"},{\"@type\":\"BreadcrumbList\",\"@id\":\"https:\\\/\\\/paris-bestsuites.com\\\/contact\\\/#breadcrumb\",\"itemListElement\":[{\"@type\":\"ListItem\",\"position\":1,\"name\":\"Accueil\",\"item\":\"https:\\\/\\\/paris-bestsuites.com\\\/\"},{\"@type\":\"ListItem\",\"position\":2,\"name\":\"Contact\"}]},{\"@type\":\"WebSite\",\"@id\":\"https:\\\/\\\/paris-bestsuites.com\\\/#website\",\"url\":\"https:\\\/\\\/paris-bestsuites.com\\\/\",\"name\":\"Paris Best Suites\",\"description\":\"Appartements location de vacances PARIS\",\"publisher\":{\"@id\":\"https:\\\/\\\/paris-bestsuites.com\\\/#organization\"},\"potentialAction\":[{\"@type\":\"SearchAction\",\"target\":{\"@type\":\"EntryPoint\",\"urlTemplate\":\"https:\\\/\\\/paris-bestsuites.com\\\/?s={search_term_string}\"},\"query-input\":{\"@type\":\"PropertyValueSpecification\",\"valueRequired\":true,\"valueName\":\"search_term_string\"}}],\"inLanguage\":\"fr-FR\"},{\"@type\":\"Organization\",\"@id\":\"https:\\\/\\\/paris-bestsuites.com\\\/#organization\",\"name\":\"Paris Best Suites\",\"url\":\"https:\\\/\\\/paris-bestsuites.com\\\/\",\"logo\":{\"@type\":\"ImageObject\",\"inLanguage\":\"fr-FR\",\"@id\":\"https:\\\/\\\/paris-bestsuites.com\\\/#\\\/schema\\\/logo\\\/image\\\/\",\"url\":\"https:\\\/\\\/paris-bestsuites.com\\\/wp-content\\\/uploads\\\/2022\\\/05\\\/cropped-logo-Paris-best-suites-HD-e1652131191476.png\",\"contentUrl\":\"https:\\\/\\\/paris-bestsuites.com\\\/wp-content\\\/uploads\\\/2022\\\/05\\\/cropped-logo-Paris-best-suites-HD-e1652131191476.png\",\"width\":69,\"height\":90,\"caption\":\"Paris Best Suites\"},\"image\":{\"@id\":\"https:\\\/\\\/paris-bestsuites.com\\\/#\\\/schema\\\/logo\\\/image\\\/\"}}]}<\/script>\n<!-- \/ Yoast SEO plugin. -->","yoast_head_json":{"title":"Contact - Paris Best Suites","robots":{"index":"index","follow":"follow","max-snippet":"max-snippet:-1","max-image-preview":"max-image-preview:large","max-video-preview":"max-video-preview:-1"},"canonical":"https:\/\/paris-bestsuites.com\/fr\/contact\/","og_locale":"fr_FR","og_type":"article","og_title":"Contact - Paris Best Suites","og_description":"Contact en savoir Par mail : reservation@paris-bestsuites.com Vous pouvez nous envoyer directement un mail. Nous pourrons vous donner toutes les informations que vous demandez.\u00a0 Appelez nous au\u00a0 0145230529 Un de nos collaborateurs vous r\u00e9pondra pour r\u00e9pondre \u00e0 vos questions et vous accompagner dans votre r\u00e9servation\u00a0 Laissez nous vos coordonn\u00e9es et votre message\u00a0","og_url":"https:\/\/paris-bestsuites.com\/fr\/contact\/","og_site_name":"Paris Best Suites","article_modified_time":"2024-06-17T14:27:22+00:00","og_image":[{"url":"https:\/\/paris-bestsuites.com\/wp-content\/uploads\/2022\/06\/irina-nakonechnaya-AHg1tuA-83Q-unsplash.jpg","type":"","width":"","height":""}],"twitter_misc":{"Dur\u00e9e de lecture estim\u00e9e":"1 minute"},"schema":{"@context":"https:\/\/schema.org","@graph":[{"@type":"WebPage","@id":"https:\/\/paris-bestsuites.com\/contact\/","url":"https:\/\/paris-bestsuites.com\/contact\/","name":"Contact - Paris Best Suites","isPartOf":{"@id":"https:\/\/paris-bestsuites.com\/#website"},"primaryImageOfPage":{"@id":"https:\/\/paris-bestsuites.com\/contact\/#primaryimage"},"image":{"@id":"https:\/\/paris-bestsuites.com\/contact\/#primaryimage"},"thumbnailUrl":"https:\/\/paris-bestsuites.com\/wp-content\/uploads\/2022\/06\/irina-nakonechnaya-AHg1tuA-83Q-unsplash.jpg","datePublished":"2020-03-31T13:25:00+00:00","dateModified":"2024-06-17T14:27:22+00:00","breadcrumb":{"@id":"https:\/\/paris-bestsuites.com\/contact\/#breadcrumb"},"inLanguage":"fr-FR","potentialAction":[{"@type":"ReadAction","target":["https:\/\/paris-bestsuites.com\/contact\/"]}]},{"@type":"ImageObject","inLanguage":"fr-FR","@id":"https:\/\/paris-bestsuites.com\/contact\/#primaryimage","url":"https:\/\/paris-bestsuites.com\/wp-content\/uploads\/2022\/06\/irina-nakonechnaya-AHg1tuA-83Q-unsplash.jpg","contentUrl":"https:\/\/paris-bestsuites.com\/wp-content\/uploads\/2022\/06\/irina-nakonechnaya-AHg1tuA-83Q-unsplash.jpg"},{"@type":"BreadcrumbList","@id":"https:\/\/paris-bestsuites.com\/contact\/#breadcrumb","itemListElement":[{"@type":"ListItem","position":1,"name":"Accueil","item":"https:\/\/paris-bestsuites.com\/"},{"@type":"ListItem","position":2,"name":"Contact"}]},{"@type":"WebSite","@id":"https:\/\/paris-bestsuites.com\/#website","url":"https:\/\/paris-bestsuites.com\/","name":"Paris Best Suites","description":"Appartements location de vacances PARIS","publisher":{"@id":"https:\/\/paris-bestsuites.com\/#organization"},"potentialAction":[{"@type":"SearchAction","target":{"@type":"EntryPoint","urlTemplate":"https:\/\/paris-bestsuites.com\/?s={search_term_string}"},"query-input":{"@type":"PropertyValueSpecification","valueRequired":true,"valueName":"search_term_string"}}],"inLanguage":"fr-FR"},{"@type":"Organization","@id":"https:\/\/paris-bestsuites.com\/#organization","name":"Paris Best Suites","url":"https:\/\/paris-bestsuites.com\/","logo":{"@type":"ImageObject","inLanguage":"fr-FR","@id":"https:\/\/paris-bestsuites.com\/#\/schema\/logo\/image\/","url":"https:\/\/paris-bestsuites.com\/wp-content\/uploads\/2022\/05\/cropped-logo-Paris-best-suites-HD-e1652131191476.png","contentUrl":"https:\/\/paris-bestsuites.com\/wp-content\/uploads\/2022\/05\/cropped-logo-Paris-best-suites-HD-e1652131191476.png","width":69,"height":90,"caption":"Paris Best Suites"},"image":{"@id":"https:\/\/paris-bestsuites.com\/#\/schema\/logo\/image\/"}}]}},"_links":{"self":[{"href":"https:\/\/paris-bestsuites.com\/fr\/wp-json\/wp\/v2\/pages\/2531","targetHints":{"allow":["GET"]}}],"collection":[{"href":"https:\/\/paris-bestsuites.com\/fr\/wp-json\/wp\/v2\/pages"}],"about":[{"href":"https:\/\/paris-bestsuites.com\/fr\/wp-json\/wp\/v2\/types\/page"}],"author":[{"embeddable":true,"href":"https:\/\/paris-bestsuites.com\/fr\/wp-json\/wp\/v2\/users\/2"}],"replies":[{"embeddable":true,"href":"https:\/\/paris-bestsuites.com\/fr\/wp-json\/wp\/v2\/comments?post=2531"}],"version-history":[{"count":52,"href":"https:\/\/paris-bestsuites.com\/fr\/wp-json\/wp\/v2\/pages\/2531\/revisions"}],"predecessor-version":[{"id":9520,"href":"https:\/\/paris-bestsuites.com\/fr\/wp-json\/wp\/v2\/pages\/2531\/revisions\/9520"}],"wp:attachment":[{"href":"https:\/\/paris-bestsuites.com\/fr\/wp-json\/wp\/v2\/media?parent=2531"}],"curies":[{"name":"wp","href":"https:\/\/api.w.org\/{rel}","templated":true}]}}